{"id":4667,"date":"2022-04-04T14:38:07","date_gmt":"2022-04-04T14:38:07","guid":{"rendered":"https:\/\/businessready.es\/estudo-de-caso-de-adolfo-dominguez\/"},"modified":"2023-05-10T12:00:06","modified_gmt":"2023-05-10T12:00:06","slug":"estudo-de-caso-de-adolfo-dominguez","status":"publish","type":"page","link":"https:\/\/www.businessready.es\/pt-pt\/estudo-de-caso-de-adolfo-dominguez\/","title":{"rendered":"Estudo de caso de Adolfo Dom\u00ednguez"},"content":{"rendered":"<style>.elementor-4667 .elementor-element.elementor-element-fc13712:not(.elementor-motion-effects-element-type-background), .elementor-4667 .elementor-element.elementor-element-fc13712 > .elementor-motion-effects-container > .elementor-motion-effects-layer{background-color:#FFFFFF;}.elementor-4667 .elementor-element.elementor-element-fc13712{transition:background 0.3s, border 0.3s, border-radius 0.3s, box-shadow 0.3s;padding:190px 0px 80px 0px;}.elementor-4667 .elementor-element.elementor-element-fc13712 > .elementor-background-overlay{transition:background 0.3s, border-radius 0.3s, opacity 0.3s;}.elementor-4667 .elementor-element.elementor-element-a850c6c{text-align:left;}.elementor-4667 .elementor-element.elementor-element-a850c6c .elementor-heading-title{font-weight:bold;color:#007A89;}.elementor-4667 .elementor-element.elementor-element-27981af > .elementor-widget-container{padding:0px 0px 30px 0px;}.elementor-4667 .elementor-element.elementor-element-27981af{text-align:left;}.elementor-4667 .elementor-element.elementor-element-27981af .elementor-heading-title{font-size:30px;font-weight:bold;line-height:42px;color:var( --e-global-color-f1557fa );}.elementor-4667 .elementor-element.elementor-element-b671ce0 > .elementor-widget-container{margin:-40px 0px 0px 0px;padding:0px 0px 0px 0px;}.elementor-4667 .elementor-element.elementor-element-b671ce0{font-family:\"Poppins\", Sans-serif;}.elementor-4667 .elementor-element.elementor-element-b53e327 > .elementor-element-populated{margin:0px 0px 0px 20px;--e-column-margin-right:0px;--e-column-margin-left:20px;padding:40px 0px 0px 0px;}.elementor-4667 .elementor-element.elementor-element-bfdd93c{font-family:\"Poppins\", Sans-serif;}.elementor-4667 .elementor-element.elementor-element-fd51db7:not(.elementor-motion-effects-element-type-background), .elementor-4667 .elementor-element.elementor-element-fd51db7 > .elementor-motion-effects-container > .elementor-motion-effects-layer{background-color:var( --e-global-color-f91ea4c );}.elementor-4667 .elementor-element.elementor-element-fd51db7{transition:background 0.3s, border 0.3s, border-radius 0.3s, box-shadow 0.3s;padding:50px 0px 10px 0px;}.elementor-4667 .elementor-element.elementor-element-fd51db7 > .elementor-background-overlay{transition:background 0.3s, border-radius 0.3s, opacity 0.3s;}.elementor-4667 .elementor-element.elementor-element-053abba > .elementor-widget-container{padding:0px 0px 30px 0px;}.elementor-4667 .elementor-element.elementor-element-053abba{text-align:left;}.elementor-4667 .elementor-element.elementor-element-053abba .elementor-heading-title{font-size:30px;font-weight:bold;line-height:42px;color:var( --e-global-color-f1557fa );}.elementor-4667 .elementor-element.elementor-element-85b46e1 > .elementor-widget-container{margin:-40px 0px 0px 0px;padding:0px 190px 0px 0px;}.elementor-4667 .elementor-element.elementor-element-85b46e1{text-align:left;font-family:\"Poppins\", Sans-serif;font-weight:400;color:#1E1E1E;}.elementor-4667 .elementor-element.elementor-element-02031a6:not(.elementor-motion-effects-element-type-background), .elementor-4667 .elementor-element.elementor-element-02031a6 > .elementor-motion-effects-container > .elementor-motion-effects-layer{background-color:var( --e-global-color-f91ea4c );}.elementor-4667 .elementor-element.elementor-element-02031a6{transition:background 0.3s, border 0.3s, border-radius 0.3s, box-shadow 0.3s;padding:0px 0px 50px 0px;}.elementor-4667 .elementor-element.elementor-element-02031a6 > .elementor-background-overlay{transition:background 0.3s, border-radius 0.3s, opacity 0.3s;}.elementor-4667 .elementor-element.elementor-element-1830e28{text-align:left;}.elementor-4667 .elementor-element.elementor-element-1830e28 img{border-radius:20px 20px 0px 20px;}.elementor-4667 .elementor-element.elementor-element-a49b1b5{text-align:left;}.elementor-4667 .elementor-element.elementor-element-a49b1b5 img{border-radius:20px 20px 0px 20px;}@media(max-width:1024px){.elementor-4667 .elementor-element.elementor-element-27981af > .elementor-widget-container{padding:0px 0px 30px 0px;}.elementor-4667 .elementor-element.elementor-element-053abba > .elementor-widget-container{padding:0px 0px 30px 0px;}}@media(max-width:767px){.elementor-4667 .elementor-element.elementor-element-fc13712{padding:90px 0px 0px 0px;}.elementor-4667 .elementor-element.elementor-element-a850c6c > .elementor-widget-container{padding:0px 0px 0px 22px;}.elementor-4667 .elementor-element.elementor-element-27981af > .elementor-widget-container{padding:0px 0px 30px 20px;}.elementor-4667 .elementor-element.elementor-element-b671ce0 > .elementor-widget-container{padding:0px 20px 0px 22px;}.elementor-4667 .elementor-element.elementor-element-b53e327 > .elementor-element-populated{padding:0px 0px 0px 0px;}.elementor-4667 .elementor-element.elementor-element-bfdd93c > .elementor-widget-container{padding:0px 17px 0px 11px;}.elementor-4667 .elementor-element.elementor-element-053abba > .elementor-widget-container{padding:0px 20px 30px 20px;}.elementor-4667 .elementor-element.elementor-element-85b46e1 > .elementor-widget-container{padding:0px 20px 0px 20px;}.elementor-4667 .elementor-element.elementor-element-02031a6{padding:0px 20px 50px 20px;}}<\/style>\t\t<div data-elementor-type=\"wp-page\" data-elementor-id=\"4667\" class=\"elementor elementor-4667 elementor-1714\">\n\t\t\t\t\t\t<section class=\"elementor-section elementor-top-section elementor-element elementor-element-fc13712 elementor-section-boxed elementor-section-height-default elementor-section-height-default\" data-id=\"fc13712\" data-element_type=\"section\" data-settings=\"{&quot;background_background&quot;:&quot;classic&quot;}\">\n\t\t\t\t\t\t<div class=\"elementor-container elementor-column-gap-default\">\n\t\t\t\t\t<div class=\"elementor-column elementor-col-50 elementor-top-column elementor-element elementor-element-d0cb6f9\" data-id=\"d0cb6f9\" data-element_type=\"column\">\n\t\t\t<div class=\"elementor-widget-wrap elementor-element-populated\">\n\t\t\t\t\t\t<div class=\"elementor-element elementor-element-a850c6c elementor-widget elementor-widget-heading\" data-id=\"a850c6c\" data-element_type=\"widget\" data-widget_type=\"heading.default\">\n\t\t\t\t<div class=\"elementor-widget-container\">\n\t\t\t\t\t<h6 class=\"elementor-heading-title elementor-size-default\">Manuten\u00e7\u00e3o integral<\/h6>\t\t\t\t<\/div>\n\t\t\t\t<\/div>\n\t\t\t\t<div class=\"elementor-element elementor-element-27981af elementor-widget elementor-widget-heading\" data-id=\"27981af\" data-element_type=\"widget\" data-widget_type=\"heading.default\">\n\t\t\t\t<div class=\"elementor-widget-container\">\n\t\t\t\t\t<h1 class=\"elementor-heading-title elementor-size-default\">Adolfo Dom\u00ednguez <\/h1>\t\t\t\t<\/div>\n\t\t\t\t<\/div>\n\t\t\t\t<div class=\"elementor-element elementor-element-b671ce0 elementor-widget elementor-widget-text-editor\" data-id=\"b671ce0\" data-element_type=\"widget\" data-widget_type=\"text-editor.default\">\n\t\t\t\t<div class=\"elementor-widget-container\">\n\t\t\t\t\t\t\t\t\t<p>\u00c9 a primeira marca de moda a tornar-se p\u00fablica em Espanha e Adolfo Dom\u00ednguez \u00e9 o primeiro estilista espanhol a lan\u00e7ar uma marca de perfumes com o seu pr\u00f3prio nome, entrando assim plenamente no sector da beleza.<\/p>\n\t\t\t\t\t\t\t\t<\/div>\n\t\t\t\t<\/div>\n\t\t\t\t\t<\/div>\n\t\t<\/div>\n\t\t\t\t<div class=\"elementor-column elementor-col-50 elementor-top-column elementor-element elementor-element-b53e327\" data-id=\"b53e327\" data-element_type=\"column\">\n\t\t\t<div class=\"elementor-widget-wrap elementor-element-populated\">\n\t\t\t\t\t\t<div class=\"elementor-element elementor-element-bfdd93c elementor-widget elementor-widget-text-editor\" data-id=\"bfdd93c\" data-element_type=\"widget\" data-widget_type=\"text-editor.default\">\n\t\t\t\t<div class=\"elementor-widget-container\">\n\t\t\t\t\t\t\t\t\t<p class=\"p1\"><span class=\"s1\"><b>Sector:<\/b> Retalho de moda<\/span><\/p>\n<p class=\"p1\"><span class=\"s1\"><b>Data<\/b>: A partir de Dezembro de 2014<\/span><\/p>\n<p class=\"p1\"><span class=\"s1\"><b>Projecto:<\/b> Manuten\u00e7\u00e3o preventiva do ar condicionado e manuten\u00e7\u00e3o correctiva de todos os tipos<\/span><\/p>\n\t\t\t\t\t\t\t\t<\/div>\n\t\t\t\t<\/div>\n\t\t\t\t\t<\/div>\n\t\t<\/div>\n\t\t\t\t\t<\/div>\n\t\t<\/section>\n\t\t\t\t<section class=\"elementor-section elementor-top-section elementor-element elementor-element-fd51db7 elementor-section-boxed elementor-section-height-default elementor-section-height-default\" data-id=\"fd51db7\" data-element_type=\"section\" data-settings=\"{&quot;background_background&quot;:&quot;classic&quot;}\">\n\t\t\t\t\t\t<div class=\"elementor-container elementor-column-gap-default\">\n\t\t\t\t\t<div class=\"elementor-column elementor-col-100 elementor-top-column elementor-element elementor-element-538bf99\" data-id=\"538bf99\" data-element_type=\"column\">\n\t\t\t<div class=\"elementor-widget-wrap elementor-element-populated\">\n\t\t\t\t\t\t<div class=\"elementor-element elementor-element-053abba elementor-widget elementor-widget-heading\" data-id=\"053abba\" data-element_type=\"widget\" data-widget_type=\"heading.default\">\n\t\t\t\t<div class=\"elementor-widget-container\">\n\t\t\t\t\t<h2 class=\"elementor-heading-title elementor-size-default\">Que servi\u00e7os prestamos?<\/h2>\t\t\t\t<\/div>\n\t\t\t\t<\/div>\n\t\t\t\t<div class=\"elementor-element elementor-element-85b46e1 elementor-widget elementor-widget-text-editor\" data-id=\"85b46e1\" data-element_type=\"widget\" data-widget_type=\"text-editor.default\">\n\t\t\t\t<div class=\"elementor-widget-container\">\n\t\t\t\t\t\t\t\t\t<p> Realizamos <strong>manuten\u00e7\u00e3o preventiva de ar condicionado<\/strong> e todo o tipo de manuten\u00e7\u00e3o correctiva em mais de metade das prov\u00edncias de Espanha, com especialistas de todo o tipo em cada \u00e1rea de actua\u00e7\u00e3o.<\/p>\n\t\t\t\t\t\t\t\t<\/div>\n\t\t\t\t<\/div>\n\t\t\t\t\t<\/div>\n\t\t<\/div>\n\t\t\t\t\t<\/div>\n\t\t<\/section>\n\t\t\t\t<section class=\"elementor-section elementor-top-section elementor-element elementor-element-02031a6 elementor-section-boxed elementor-section-height-default elementor-section-height-default\" data-id=\"02031a6\" data-element_type=\"section\" data-settings=\"{&quot;background_background&quot;:&quot;classic&quot;}\">\n\t\t\t\t\t\t<div class=\"elementor-container elementor-column-gap-default\">\n\t\t\t\t\t<div class=\"elementor-column elementor-col-50 elementor-top-column elementor-element elementor-element-1755bcd\" data-id=\"1755bcd\" data-element_type=\"column\">\n\t\t\t<div class=\"elementor-widget-wrap elementor-element-populated\">\n\t\t\t\t\t\t<div class=\"elementor-element elementor-element-1830e28 elementor-widget elementor-widget-image\" data-id=\"1830e28\" data-element_type=\"widget\" data-widget_type=\"image.default\">\n\t\t\t\t<div class=\"elementor-widget-container\">\n\t\t\t\t\t\t\t\t\t\t\t\t\t\t\t<img fetchpriority=\"high\" decoding=\"async\" width=\"525\" height=\"431\" src=\"https:\/\/www.businessready.es\/wp-content\/uploads\/2022\/04\/CASESTUDIES-Adolfodom.jpeg\" class=\"attachment-large size-large wp-image-4553\" alt=\"\" srcset=\"https:\/\/www.businessready.es\/wp-content\/uploads\/2022\/04\/CASESTUDIES-Adolfodom.jpeg 525w, https:\/\/www.businessready.es\/wp-content\/uploads\/2022\/04\/CASESTUDIES-Adolfodom-300x246.jpeg 300w\" sizes=\"(max-width: 525px) 100vw, 525px\" \/>\t\t\t\t\t\t\t\t\t\t\t\t\t\t\t<\/div>\n\t\t\t\t<\/div>\n\t\t\t\t\t<\/div>\n\t\t<\/div>\n\t\t\t\t<div class=\"elementor-column elementor-col-50 elementor-top-column elementor-element elementor-element-c0545d6\" data-id=\"c0545d6\" data-element_type=\"column\">\n\t\t\t<div class=\"elementor-widget-wrap elementor-element-populated\">\n\t\t\t\t\t\t<div class=\"elementor-element elementor-element-a49b1b5 elementor-widget elementor-widget-image\" data-id=\"a49b1b5\" data-element_type=\"widget\" data-widget_type=\"image.default\">\n\t\t\t\t<div class=\"elementor-widget-container\">\n\t\t\t\t\t\t\t\t\t\t\t\t\t\t\t<img decoding=\"async\" width=\"525\" height=\"431\" src=\"https:\/\/www.businessready.es\/wp-content\/uploads\/2022\/04\/CASESTUDIES-Adolfodom2.jpeg\" class=\"attachment-large size-large wp-image-4554\" alt=\"\" srcset=\"https:\/\/www.businessready.es\/wp-content\/uploads\/2022\/04\/CASESTUDIES-Adolfodom2.jpeg 525w, https:\/\/www.businessready.es\/wp-content\/uploads\/2022\/04\/CASESTUDIES-Adolfodom2-300x246.jpeg 300w\" sizes=\"(max-width: 525px) 100vw, 525px\" \/>\t\t\t\t\t\t\t\t\t\t\t\t\t\t\t<\/div>\n\t\t\t\t<\/div>\n\t\t\t\t\t<\/div>\n\t\t<\/div>\n\t\t\t\t\t<\/div>\n\t\t<\/section>\n\t\t\t\t<\/div>\n\t\t","protected":false},"excerpt":{"rendered":"<p>Manuten\u00e7\u00e3o integral Adolfo Dom\u00ednguez \u00c9 a primeira marca de moda a tornar-se p\u00fablica em Espanha e Adolfo Dom\u00ednguez \u00e9 o primeiro estilista espanhol a lan\u00e7ar uma marca de perfumes com o seu pr\u00f3prio nome, entrando assim plenamente no sector da beleza. Sector: Retalho de moda Data: A partir de Dezembro de 2014 Projecto: Manuten\u00e7\u00e3o preventiva &hellip;<\/p>\n<p class=\"read-more\"> <a class=\"\" href=\"https:\/\/www.businessready.es\/pt-pt\/estudo-de-caso-de-adolfo-dominguez\/\"> <span class=\"screen-reader-text\">Estudo de caso de Adolfo Dom\u00ednguez<\/span> Read More &raquo;<\/a><\/p>\n","protected":false},"author":1,"featured_media":0,"parent":0,"menu_order":0,"comment_status":"closed","ping_status":"closed","template":"","meta":{"site-sidebar-layout":"no-sidebar","site-content-layout":"page-builder","ast-main-header-display":"","ast-hfb-above-header-display":"","ast-hfb-below-header-display":"","ast-hfb-mobile-header-display":"","site-post-title":"disabled","ast-breadcrumbs-content":"","ast-featured-img":"disabled","footer-sml-layout":"","theme-transparent-header-meta":"","adv-header-id-meta":"","stick-header-meta":"","header-above-stick-meta":"","header-main-stick-meta":"","header-below-stick-meta":"","footnotes":""},"class_list":["post-4667","page","type-page","status-publish","hentry"],"yoast_head":"<!-- This site is optimized with the Yoast SEO plugin v26.7 - https:\/\/yoast.com\/wordpress\/plugins\/seo\/ -->\n<title>Adolfo Dom\u00ednguez e Business Ready | Caso de estudo<\/title>\n<meta name=\"description\" content=\"Projecto para Adolfo Dom\u00ednguez para a realiza\u00e7\u00e3o de manuten\u00e7\u00e3o preventiva de ar condicionado e todo o tipo de manuten\u00e7\u00e3o correctiva em lojas em Espanha desde 2014.\" \/>\n<meta name=\"robots\" content=\"index, follow, max-snippet:-1, max-image-preview:large, max-video-preview:-1\" \/>\n<link rel=\"canonical\" href=\"https:\/\/www.businessready.es\/pt-pt\/estudo-de-caso-de-adolfo-dominguez\/\" \/>\n<meta property=\"og:locale\" content=\"pt_PT\" \/>\n<meta property=\"og:type\" content=\"article\" \/>\n<meta property=\"og:title\" content=\"Adolfo Dom\u00ednguez e Business Ready | Caso de estudo\" \/>\n<meta property=\"og:description\" content=\"Projecto para Adolfo Dom\u00ednguez para a realiza\u00e7\u00e3o de manuten\u00e7\u00e3o preventiva de ar condicionado e todo o tipo de manuten\u00e7\u00e3o correctiva em lojas em Espanha desde 2014.\" \/>\n<meta property=\"og:url\" content=\"https:\/\/www.businessready.es\/pt-pt\/estudo-de-caso-de-adolfo-dominguez\/\" \/>\n<meta property=\"og:site_name\" content=\"Business Consultancy Firm\" \/>\n<meta property=\"article:modified_time\" content=\"2023-05-10T12:00:06+00:00\" \/>\n<meta property=\"og:image\" content=\"https:\/\/www.businessready.es\/wp-content\/uploads\/2022\/04\/CASESTUDIES-Adolfodom.jpeg\" \/>\n<meta name=\"twitter:card\" content=\"summary_large_image\" \/>\n<meta name=\"twitter:label1\" content=\"Tempo estimado de leitura\" \/>\n\t<meta name=\"twitter:data1\" content=\"1 minuto\" \/>\n<script type=\"application\/ld+json\" class=\"yoast-schema-graph\">{\"@context\":\"https:\/\/schema.org\",\"@graph\":[{\"@type\":\"WebPage\",\"@id\":\"https:\/\/www.businessready.es\/pt-pt\/estudo-de-caso-de-adolfo-dominguez\/\",\"url\":\"https:\/\/www.businessready.es\/pt-pt\/estudo-de-caso-de-adolfo-dominguez\/\",\"name\":\"Adolfo Dom\u00ednguez e Business Ready | Caso de estudo\",\"isPartOf\":{\"@id\":\"https:\/\/www.businessready.es\/#website\"},\"primaryImageOfPage\":{\"@id\":\"https:\/\/www.businessready.es\/pt-pt\/estudo-de-caso-de-adolfo-dominguez\/#primaryimage\"},\"image\":{\"@id\":\"https:\/\/www.businessready.es\/pt-pt\/estudo-de-caso-de-adolfo-dominguez\/#primaryimage\"},\"thumbnailUrl\":\"https:\/\/businessready.es\/wp-content\/uploads\/2022\/04\/CASESTUDIES-Adolfodom.jpeg\",\"datePublished\":\"2022-04-04T14:38:07+00:00\",\"dateModified\":\"2023-05-10T12:00:06+00:00\",\"description\":\"Projecto para Adolfo Dom\u00ednguez para a realiza\u00e7\u00e3o de manuten\u00e7\u00e3o preventiva de ar condicionado e todo o tipo de manuten\u00e7\u00e3o correctiva em lojas em Espanha desde 2014.\",\"breadcrumb\":{\"@id\":\"https:\/\/www.businessready.es\/pt-pt\/estudo-de-caso-de-adolfo-dominguez\/#breadcrumb\"},\"inLanguage\":\"pt-PT\",\"potentialAction\":[{\"@type\":\"ReadAction\",\"target\":[\"https:\/\/www.businessready.es\/pt-pt\/estudo-de-caso-de-adolfo-dominguez\/\"]}]},{\"@type\":\"ImageObject\",\"inLanguage\":\"pt-PT\",\"@id\":\"https:\/\/www.businessready.es\/pt-pt\/estudo-de-caso-de-adolfo-dominguez\/#primaryimage\",\"url\":\"https:\/\/businessready.es\/wp-content\/uploads\/2022\/04\/CASESTUDIES-Adolfodom.jpeg\",\"contentUrl\":\"https:\/\/businessready.es\/wp-content\/uploads\/2022\/04\/CASESTUDIES-Adolfodom.jpeg\"},{\"@type\":\"BreadcrumbList\",\"@id\":\"https:\/\/www.businessready.es\/pt-pt\/estudo-de-caso-de-adolfo-dominguez\/#breadcrumb\",\"itemListElement\":[{\"@type\":\"ListItem\",\"position\":1,\"name\":\"Portada\",\"item\":\"https:\/\/www.businessready.es\/pt-pt\/home\/\"},{\"@type\":\"ListItem\",\"position\":2,\"name\":\"Estudo de caso de Adolfo Dom\u00ednguez\"}]},{\"@type\":\"WebSite\",\"@id\":\"https:\/\/www.businessready.es\/#website\",\"url\":\"https:\/\/www.businessready.es\/\",\"name\":\"Business Ready\",\"description\":\"En Business Ready somos la empresa de mantenimiento integral y gesti\u00f3n para todas tus instalaciones. Mantenimientos correctivos y preventivos para m\u00faltiples locales.\",\"publisher\":{\"@id\":\"https:\/\/www.businessready.es\/#organization\"},\"alternateName\":\"Business Ready\",\"potentialAction\":[{\"@type\":\"SearchAction\",\"target\":{\"@type\":\"EntryPoint\",\"urlTemplate\":\"https:\/\/www.businessready.es\/?s={search_term_string}\"},\"query-input\":{\"@type\":\"PropertyValueSpecification\",\"valueRequired\":true,\"valueName\":\"search_term_string\"}}],\"inLanguage\":\"pt-PT\"},{\"@type\":\"Organization\",\"@id\":\"https:\/\/www.businessready.es\/#organization\",\"name\":\"Business Ready\",\"alternateName\":\"Business Ready SL\",\"url\":\"https:\/\/www.businessready.es\/\",\"logo\":{\"@type\":\"ImageObject\",\"inLanguage\":\"pt-PT\",\"@id\":\"https:\/\/www.businessready.es\/#\/schema\/logo\/image\/\",\"url\":\"https:\/\/www.businessready.es\/wp-content\/uploads\/2025\/11\/BusinessReady_logobig-01-copia-scaled.png\",\"contentUrl\":\"https:\/\/www.businessready.es\/wp-content\/uploads\/2025\/11\/BusinessReady_logobig-01-copia-scaled.png\",\"width\":2048,\"height\":384,\"caption\":\"Business Ready\"},\"image\":{\"@id\":\"https:\/\/www.businessready.es\/#\/schema\/logo\/image\/\"},\"sameAs\":[\"https:\/\/www.linkedin.com\/company\/business-ready\/?originalSubdomain=es\"]}]}<\/script>\n<!-- \/ Yoast SEO plugin. -->","yoast_head_json":{"title":"Adolfo Dom\u00ednguez e Business Ready | Caso de estudo","description":"Projecto para Adolfo Dom\u00ednguez para a realiza\u00e7\u00e3o de manuten\u00e7\u00e3o preventiva de ar condicionado e todo o tipo de manuten\u00e7\u00e3o correctiva em lojas em Espanha desde 2014.","robots":{"index":"index","follow":"follow","max-snippet":"max-snippet:-1","max-image-preview":"max-image-preview:large","max-video-preview":"max-video-preview:-1"},"canonical":"https:\/\/www.businessready.es\/pt-pt\/estudo-de-caso-de-adolfo-dominguez\/","og_locale":"pt_PT","og_type":"article","og_title":"Adolfo Dom\u00ednguez e Business Ready | Caso de estudo","og_description":"Projecto para Adolfo Dom\u00ednguez para a realiza\u00e7\u00e3o de manuten\u00e7\u00e3o preventiva de ar condicionado e todo o tipo de manuten\u00e7\u00e3o correctiva em lojas em Espanha desde 2014.","og_url":"https:\/\/www.businessready.es\/pt-pt\/estudo-de-caso-de-adolfo-dominguez\/","og_site_name":"Business Consultancy Firm","article_modified_time":"2023-05-10T12:00:06+00:00","og_image":[{"url":"https:\/\/www.businessready.es\/wp-content\/uploads\/2022\/04\/CASESTUDIES-Adolfodom.jpeg","type":"","width":"","height":""}],"twitter_card":"summary_large_image","twitter_misc":{"Tempo estimado de leitura":"1 minuto"},"schema":{"@context":"https:\/\/schema.org","@graph":[{"@type":"WebPage","@id":"https:\/\/www.businessready.es\/pt-pt\/estudo-de-caso-de-adolfo-dominguez\/","url":"https:\/\/www.businessready.es\/pt-pt\/estudo-de-caso-de-adolfo-dominguez\/","name":"Adolfo Dom\u00ednguez e Business Ready | Caso de estudo","isPartOf":{"@id":"https:\/\/www.businessready.es\/#website"},"primaryImageOfPage":{"@id":"https:\/\/www.businessready.es\/pt-pt\/estudo-de-caso-de-adolfo-dominguez\/#primaryimage"},"image":{"@id":"https:\/\/www.businessready.es\/pt-pt\/estudo-de-caso-de-adolfo-dominguez\/#primaryimage"},"thumbnailUrl":"https:\/\/businessready.es\/wp-content\/uploads\/2022\/04\/CASESTUDIES-Adolfodom.jpeg","datePublished":"2022-04-04T14:38:07+00:00","dateModified":"2023-05-10T12:00:06+00:00","description":"Projecto para Adolfo Dom\u00ednguez para a realiza\u00e7\u00e3o de manuten\u00e7\u00e3o preventiva de ar condicionado e todo o tipo de manuten\u00e7\u00e3o correctiva em lojas em Espanha desde 2014.","breadcrumb":{"@id":"https:\/\/www.businessready.es\/pt-pt\/estudo-de-caso-de-adolfo-dominguez\/#breadcrumb"},"inLanguage":"pt-PT","potentialAction":[{"@type":"ReadAction","target":["https:\/\/www.businessready.es\/pt-pt\/estudo-de-caso-de-adolfo-dominguez\/"]}]},{"@type":"ImageObject","inLanguage":"pt-PT","@id":"https:\/\/www.businessready.es\/pt-pt\/estudo-de-caso-de-adolfo-dominguez\/#primaryimage","url":"https:\/\/businessready.es\/wp-content\/uploads\/2022\/04\/CASESTUDIES-Adolfodom.jpeg","contentUrl":"https:\/\/businessready.es\/wp-content\/uploads\/2022\/04\/CASESTUDIES-Adolfodom.jpeg"},{"@type":"BreadcrumbList","@id":"https:\/\/www.businessready.es\/pt-pt\/estudo-de-caso-de-adolfo-dominguez\/#breadcrumb","itemListElement":[{"@type":"ListItem","position":1,"name":"Portada","item":"https:\/\/www.businessready.es\/pt-pt\/home\/"},{"@type":"ListItem","position":2,"name":"Estudo de caso de Adolfo Dom\u00ednguez"}]},{"@type":"WebSite","@id":"https:\/\/www.businessready.es\/#website","url":"https:\/\/www.businessready.es\/","name":"Business Ready","description":"En Business Ready somos la empresa de mantenimiento integral y gesti\u00f3n para todas tus instalaciones. Mantenimientos correctivos y preventivos para m\u00faltiples locales.","publisher":{"@id":"https:\/\/www.businessready.es\/#organization"},"alternateName":"Business Ready","potentialAction":[{"@type":"SearchAction","target":{"@type":"EntryPoint","urlTemplate":"https:\/\/www.businessready.es\/?s={search_term_string}"},"query-input":{"@type":"PropertyValueSpecification","valueRequired":true,"valueName":"search_term_string"}}],"inLanguage":"pt-PT"},{"@type":"Organization","@id":"https:\/\/www.businessready.es\/#organization","name":"Business Ready","alternateName":"Business Ready SL","url":"https:\/\/www.businessready.es\/","logo":{"@type":"ImageObject","inLanguage":"pt-PT","@id":"https:\/\/www.businessready.es\/#\/schema\/logo\/image\/","url":"https:\/\/www.businessready.es\/wp-content\/uploads\/2025\/11\/BusinessReady_logobig-01-copia-scaled.png","contentUrl":"https:\/\/www.businessready.es\/wp-content\/uploads\/2025\/11\/BusinessReady_logobig-01-copia-scaled.png","width":2048,"height":384,"caption":"Business Ready"},"image":{"@id":"https:\/\/www.businessready.es\/#\/schema\/logo\/image\/"},"sameAs":["https:\/\/www.linkedin.com\/company\/business-ready\/?originalSubdomain=es"]}]}},"_links":{"self":[{"href":"https:\/\/www.businessready.es\/pt-pt\/wp-json\/wp\/v2\/pages\/4667","targetHints":{"allow":["GET"]}}],"collection":[{"href":"https:\/\/www.businessready.es\/pt-pt\/wp-json\/wp\/v2\/pages"}],"about":[{"href":"https:\/\/www.businessready.es\/pt-pt\/wp-json\/wp\/v2\/types\/page"}],"author":[{"embeddable":true,"href":"https:\/\/www.businessready.es\/pt-pt\/wp-json\/wp\/v2\/users\/1"}],"replies":[{"embeddable":true,"href":"https:\/\/www.businessready.es\/pt-pt\/wp-json\/wp\/v2\/comments?post=4667"}],"version-history":[{"count":1,"href":"https:\/\/www.businessready.es\/pt-pt\/wp-json\/wp\/v2\/pages\/4667\/revisions"}],"predecessor-version":[{"id":4668,"href":"https:\/\/www.businessready.es\/pt-pt\/wp-json\/wp\/v2\/pages\/4667\/revisions\/4668"}],"wp:attachment":[{"href":"https:\/\/www.businessready.es\/pt-pt\/wp-json\/wp\/v2\/media?parent=4667"}],"curies":[{"name":"wp","href":"https:\/\/api.w.org\/{rel}","templated":true}]}}